{"id":10359,"date":"2021-02-25T18:41:21","date_gmt":"2021-02-25T17:41:21","guid":{"rendered":"https:\/\/alphaespai.com\/serveis\/"},"modified":"2021-04-29T10:10:04","modified_gmt":"2021-04-29T09:10:04","slug":"serveis","status":"publish","type":"page","link":"https:\/\/alphaespai.com\/ca\/serveis\/","title":{"rendered":"Serveis"},"content":{"rendered":"\n<div class=\"wp-block-columns mf_bloque_titular_1 is-layout-flex wp-container-core-columns-is-layout-28f84493 wp-block-columns-is-layout-flex\">\n<div class=\"wp-block-column mf_col_text is-layout-flow wp-block-column-is-layout-flow\">\n<h1 class=\"wp-block-heading\">Comptabilitat, fiscalitat i laboral<\/h1>\n\n\n\n<p>Oferim la gesti\u00f3 habitual, obligat\u00f2ria i necess\u00e0ria per a complir amb les normatives i la legalitat, el nostre comprom\u00eds \u00e9s oferir fiabilitat i seguretat.<\/p>\n\n\n\n<p><span style=\"font-family: Raleway, serif;\"><span style=\"font-size: large;\">Qu\u00e8 inclou:<\/span><\/span><\/p>\n\n\n\n<ul class=\"wp-block-list\" id=\"block-e54c6a42-df00-4ec6-9904-e7ccbce4820e\"><li>Confecci\u00f3 i control de tota la comptabilitat necess\u00e0ria i obligat\u00f2ria.<\/li><li>Presentaci\u00f3 d&#8217;impostos<\/li><li>Dubtes i consultes en els camps anteriors<\/li><\/ul>\n\n\n<p><\/p>\n\n\n\n<p>Si necessites m\u00e9s informaci\u00f3, no dubtis a <a href=\"\/ca\/contacto\/?t=Conta\">contactar-nos<\/a> o telefonar al +34 605 964 337<\/p>\n<\/div>\n\n\n\n<div class=\"wp-block-column is-layout-flow wp-block-column-is-layout-flow\">\n<figure class=\"wp-block-image size-large\"><img decoding=\"async\" width=\"250\" height=\"187\" src=\"https:\/\/alphaespai.com\/wp-content\/uploads\/2020\/07\/folder-folders-office-paperwork-tax-paper-business-work-storage-250x187.jpg\" alt=\"\" class=\"wp-image-8230\" srcset=\"https:\/\/alphaespai.com\/wp-content\/uploads\/2020\/07\/folder-folders-office-paperwork-tax-paper-business-work-storage-250x187.jpg 250w, https:\/\/alphaespai.com\/wp-content\/uploads\/2020\/07\/folder-folders-office-paperwork-tax-paper-business-work-storage-150x112.jpg 150w, https:\/\/alphaespai.com\/wp-content\/uploads\/2020\/07\/folder-folders-office-paperwork-tax-paper-business-work-storage-768x575.jpg 768w, https:\/\/alphaespai.com\/wp-content\/uploads\/2020\/07\/folder-folders-office-paperwork-tax-paper-business-work-storage.jpg 880w\" sizes=\"(max-width: 250px) 100vw, 250px\" \/><\/figure><\/div>\n<\/div>\n\n<div class=\"wp-block-columns mf_bloque_titular_1 is-layout-flex wp-container-core-columns-is-layout-28f84493 wp-block-columns-is-layout-flex\">\n<div class=\"wp-block-column is-layout-flow wp-block-column-is-layout-flow\">\n<figure class=\"wp-block-image size-full\"><img fetchpriority=\"high\" decoding=\"async\" width=\"800\" height=\"800\" src=\"https:\/\/alphaespai.com\/wp-content\/uploads\/2021\/04\/Cardio_pag.gif\" alt=\"\" class=\"wp-image-10331\"\/><\/figure><\/div>\n\n\n\n<div class=\"wp-block-column mf_col_text is-layout-flow wp-block-column-is-layout-flow\">\n<h2 class=\"wp-block-heading\">Control de gesti\u00f3. La difer\u00e8ncia<\/h2>\n\n\n\n<p>Innovaci\u00f3 i diferenciaci\u00f3. Tenim clar que l&#8217;an\u00e0lisi de negoci no existeix en les gestories tradicionals. Per exemple:<\/p>\n\n\n\n<ul class=\"wp-block-list\"><li>T&#8217;ensenyen un balan\u00e7 de sumes i saldos i no entens res<\/li><li>Cap informaci\u00f3 del teu gestor et proporciona una idea real de com est\u00e0 el teu negoci: Vas pel bon cam\u00ed? I quan te la donen \u00e9s perqu\u00e8 ho demanes.<\/li><li>Necessito implementar alguna mesura urgent?<\/li><\/ul>\n\n\n<p>Habitualment, les decisions que es prenen, \u00e9s perqu\u00e8 se sol\u00b7licita informaci\u00f3 quan les coses no van b\u00e9, i ja anem tard per a prendre mesures.<\/p>\n\n\n\n<p>En una xerrada sobre innovaci\u00f3, van dir que la innovaci\u00f3 no era exclusiva de la tecnologia, per aix\u00f2 ens llancem a innovar aquest format de serveis enfocat a resultats de negoci, deixant obsoleta la gestoria tradicional.<\/p>\n\n\n\n<p><span style=\"color: #333333;\"><span style=\"font-size: medium;\">Aqu\u00ed, <strong>s\u00ed que ens diferenciem:<\/strong><\/span><\/span><\/p>\n\n\n\n<ul class=\"wp-block-list\"><li>Gestionem la comptabilitat, fiscalitat i laboral, i els \u201ctradu\u00efm\u201d en indicadors del teu negoci, i exclusivament del teu negoci, perqu\u00e8 prenguis decisions que t&#8217;ajudin en qualsevol moment, quan vas b\u00e9 o no tan b\u00e9.<\/li><li>Aprenem del teu negoci, l&#8217;analitzem i et retornem informaci\u00f3 perqu\u00e8 puguis generar m\u00e9s valor.<\/li><li>Ning\u00fa millor que tu coneix el teu negoci, ajudem a que apliquis aquest coneixement amb rapidesa empresarial que amb un altre gabinet no tindries.<\/li><li>Et donem alternatives eficaces perqu\u00e8 el teu negoci vagi pel bon cam\u00ed.<\/li><\/ul>\n\n\n<p>El servei no s&#8217;encareix, s&#8217;inclou en el paquet habitual, i ens impliquem en tot el circuit de la teva activitat perqu\u00e8 el teu negoci segueixi amb l&#8217;\u00e8xit esperat.<\/p>\n\n\n\n<p><span style=\"color: #333333;\"><span style=\"font-size: medium;\"><a href=\"https:\/\/alphaespai.com\/ca\/contacte\/?t=CG\">Contacta per e-mail<\/a> o truca al +34 605 964 337, explica&#8217;ns com \u00e9s el teu negoci i t&#8217;explicarem com generar m\u00e9s valor.<\/span><\/span><\/p>\n<\/div>\n<\/div>\n\n<div class=\"wp-block-columns mf_bloque_titular_1 is-layout-flex wp-container-core-columns-is-layout-28f84493 wp-block-columns-is-layout-flex\">\n<div class=\"wp-block-column is-layout-flow wp-block-column-is-layout-flow\">\n<figure class=\"wp-block-image size-large\"><img decoding=\"async\" width=\"214\" height=\"250\" src=\"https:\/\/alphaespai.com\/wp-content\/uploads\/2020\/07\/u3-214x250.jpg\" alt=\"\" class=\"wp-image-8115\" srcset=\"https:\/\/alphaespai.com\/wp-content\/uploads\/2020\/07\/u3-214x250.jpg 214w, https:\/\/alphaespai.com\/wp-content\/uploads\/2020\/07\/u3-129x150.jpg 129w, https:\/\/alphaespai.com\/wp-content\/uploads\/2020\/07\/u3.jpg 600w\" sizes=\"(max-width: 214px) 100vw, 214px\" \/><\/figure><\/div>\n\n\n\n<div class=\"wp-block-column mf_col_text is-layout-flow wp-block-column-is-layout-flow\">\n<h2 class=\"wp-block-heading\">Mentoring de negoci. La innovaci\u00f3<\/h2>\n\n\n\n<p>Continuem innovant. Pots complementar el servei de control de gesti\u00f3 en moments clau del teu negoci: a l&#8217;inici, en un moment de canvi, etc.<\/p>\n\n\n\n<p>Com t&#8217;ajudem?<\/p>\n\n\n\n<ul class=\"wp-block-list\"><li>Et proposem un seguiment en un temps determinat per a treballar tots els aspectes transversals empresarials, del negoci. Treballar idees, solucions, estrat\u00e8gia, estructura, finances, etc\u2026 amb especialistes i amb un format formatiu que et far\u00e0 cr\u00e9ixer com a empresari.<\/li><li>Un mentoring, no ha de ser etern, ha d&#8217;adequar-se al tipus de moment i treball que vol fer-se i donar-li un temps determinat, no superior a 4 mesos.<\/li><\/ul>\n\n\n<p><span style=\"color: #333333;\"><span style=\"font-size: medium;\">El Mentoring pot ajudar-te a impulsar el teu negoci, <a href=\"https:\/\/alphaespai.com\/ca\/contacte\/?t=MenNeg\">contacta&#8217;ns per e-mail<\/a> o truca al <a href=\"tel:+34605964337\">+34 605 964 337<\/a>, i t&#8217;explicarem com.<\/span><\/span><\/p>\n\n\n\n<p>Sabem com podem aportar valor al teu negoci, comencem?<\/p>\n<\/div>\n<\/div>\n\n<h2 class=\"wp-block-heading\">Opcions de Servei<\/h2>\n\n<div class=\"wp-block-columns ficha_iz is-layout-flex wp-container-core-columns-is-layout-28f84493 wp-block-columns-is-layout-flex\">\n<div class=\"wp-block-column is-layout-flow wp-block-column-is-layout-flow\">\n<h3 class=\"titular_bloque alpha_magenta wp-block-heading\">Opci\u00f3 A<\/h3>\n\n\n\n<p>Comptabilitat, Fiscalitat i Reporting<\/p>\n<\/div>\n\n\n\n<div class=\"wp-block-column is-layout-flow wp-block-column-is-layout-flow\">\n<h3 class=\"titular_bloque alpha_amarillo wp-block-heading\">Opci\u00f3 B<\/h3>\n\n\n\n<p>Comptabilitat i Fiscalitat<\/p>\n<\/div>\n\n\n\n<div class=\"wp-block-column is-layout-flow wp-block-column-is-layout-flow\">\n<h3 class=\"titular_bloque alpha_naranja wp-block-heading\">Laboral<\/h3>\n\n\n\n<p>Inclou totes les gestions administratives des de l&#8217;alta en l&#8217;empresa a baixa en l&#8217;empresa d&#8217;un empleat (contracte, it, certificats, etc.)<\/p>\n<\/div>\n<\/div>\n\n<p><span style=\"color: #333333;\"><span style=\"font-size: medium;\">Si no tens molt clar quin servei necessites, <a href=\"https:\/\/alphaespai.com\/ca\/contacte\/?t=Ser\">FES CLIC AQU\u00cd<\/a> per a sol\u00b7licitar una sessi\u00f3 de diagn\u00f2stic gratu\u00eft del teu negoci amb nosaltres.<\/span><\/span><\/p>\n\n<div style=\"height:100px\" aria-hidden=\"true\" class=\"wp-block-spacer\"><\/div>\n\n<h3 class=\"wp-block-heading\">Clients:<\/h3>\n","protected":false},"excerpt":{"rendered":"<p>Comptabilitat, fiscalitat i laboral Oferim la gesti\u00f3 habitual, obligat\u00f2ria i necess\u00e0ria per a complir amb les normatives i la legalitat, el nostre comprom\u00eds \u00e9s oferir fiabilitat i seguretat. Qu\u00e8 inclou: Confecci\u00f3 i control de tota la comptabilitat necess\u00e0ria i obligat\u00f2ria. Presentaci\u00f3 d&#8217;impostos Dubtes i consultes en els camps anteriors Si necessites m\u00e9s informaci\u00f3, no dubtis [&hellip;]<\/p>\n","protected":false},"author":34,"featured_media":0,"parent":0,"menu_order":0,"comment_status":"closed","ping_status":"closed","template":"","meta":{"footnotes":""},"class_list":["post-10359","page","type-page","status-publish","hentry"],"yoast_head":"<!-- This site is optimized with the Yoast SEO plugin v27.5 - https:\/\/yoast.com\/product\/yoast-seo-wordpress\/ -->\n<title>Serveis - Alpha Espai Coworking<\/title>\n<meta name=\"robots\" content=\"index, follow, max-snippet:-1, max-image-preview:large, max-video-preview:-1\" \/>\n<link rel=\"canonical\" href=\"https:\/\/alphaespai.com\/ca\/serveis\/\" \/>\n<meta property=\"og:locale\" content=\"ca_ES\" \/>\n<meta property=\"og:type\" content=\"article\" \/>\n<meta property=\"og:title\" content=\"Serveis - Alpha Espai Coworking\" \/>\n<meta property=\"og:description\" content=\"Comptabilitat, fiscalitat i laboral Oferim la gesti\u00f3 habitual, obligat\u00f2ria i necess\u00e0ria per a complir amb les normatives i la legalitat, el nostre comprom\u00eds \u00e9s oferir fiabilitat i seguretat. Qu\u00e8 inclou: Confecci\u00f3 i control de tota la comptabilitat necess\u00e0ria i obligat\u00f2ria. Presentaci\u00f3 d&#8217;impostos Dubtes i consultes en els camps anteriors Si necessites m\u00e9s informaci\u00f3, no dubtis [&hellip;]\" \/>\n<meta property=\"og:url\" content=\"https:\/\/alphaespai.com\/ca\/serveis\/\" \/>\n<meta property=\"og:site_name\" content=\"Alpha Espai Coworking\" \/>\n<meta property=\"article:modified_time\" content=\"2021-04-29T09:10:04+00:00\" \/>\n<meta property=\"og:image\" content=\"https:\/\/alphaespai.com\/wp-content\/uploads\/2020\/07\/folder-folders-office-paperwork-tax-paper-business-work-storage-250x187.jpg\" \/>\n<meta name=\"twitter:label1\" content=\"Temps estimat de lectura\" \/>\n\t<meta name=\"twitter:data1\" content=\"3 minuts\" \/>\n<script type=\"application\/ld+json\" class=\"yoast-schema-graph\">{\"@context\":\"https:\\\/\\\/schema.org\",\"@graph\":[{\"@type\":\"WebPage\",\"@id\":\"https:\\\/\\\/alphaespai.com\\\/ca\\\/serveis\\\/\",\"url\":\"https:\\\/\\\/alphaespai.com\\\/ca\\\/serveis\\\/\",\"name\":\"Serveis - Alpha Espai Coworking\",\"isPartOf\":{\"@id\":\"https:\\\/\\\/alphaespai.com\\\/ca\\\/#website\"},\"primaryImageOfPage\":{\"@id\":\"https:\\\/\\\/alphaespai.com\\\/ca\\\/serveis\\\/#primaryimage\"},\"image\":{\"@id\":\"https:\\\/\\\/alphaespai.com\\\/ca\\\/serveis\\\/#primaryimage\"},\"thumbnailUrl\":\"https:\\\/\\\/alphaespai.com\\\/wp-content\\\/uploads\\\/2020\\\/07\\\/folder-folders-office-paperwork-tax-paper-business-work-storage-250x187.jpg\",\"datePublished\":\"2021-02-25T17:41:21+00:00\",\"dateModified\":\"2021-04-29T09:10:04+00:00\",\"inLanguage\":\"ca\",\"potentialAction\":[{\"@type\":\"ReadAction\",\"target\":[\"https:\\\/\\\/alphaespai.com\\\/ca\\\/serveis\\\/\"]}]},{\"@type\":\"ImageObject\",\"inLanguage\":\"ca\",\"@id\":\"https:\\\/\\\/alphaespai.com\\\/ca\\\/serveis\\\/#primaryimage\",\"url\":\"https:\\\/\\\/alphaespai.com\\\/wp-content\\\/uploads\\\/2020\\\/07\\\/folder-folders-office-paperwork-tax-paper-business-work-storage-250x187.jpg\",\"contentUrl\":\"https:\\\/\\\/alphaespai.com\\\/wp-content\\\/uploads\\\/2020\\\/07\\\/folder-folders-office-paperwork-tax-paper-business-work-storage-250x187.jpg\"},{\"@type\":\"WebSite\",\"@id\":\"https:\\\/\\\/alphaespai.com\\\/ca\\\/#website\",\"url\":\"https:\\\/\\\/alphaespai.com\\\/ca\\\/\",\"name\":\"Alpha Espai Coworking\",\"description\":\"Espai de Coworking a Barcelona\",\"potentialAction\":[{\"@type\":\"SearchAction\",\"target\":{\"@type\":\"EntryPoint\",\"urlTemplate\":\"https:\\\/\\\/alphaespai.com\\\/ca\\\/?s={search_term_string}\"},\"query-input\":{\"@type\":\"PropertyValueSpecification\",\"valueRequired\":true,\"valueName\":\"search_term_string\"}}],\"inLanguage\":\"ca\"}]}<\/script>\n<!-- \/ Yoast SEO plugin. -->","yoast_head_json":{"title":"Serveis - Alpha Espai Coworking","robots":{"index":"index","follow":"follow","max-snippet":"max-snippet:-1","max-image-preview":"max-image-preview:large","max-video-preview":"max-video-preview:-1"},"canonical":"https:\/\/alphaespai.com\/ca\/serveis\/","og_locale":"ca_ES","og_type":"article","og_title":"Serveis - Alpha Espai Coworking","og_description":"Comptabilitat, fiscalitat i laboral Oferim la gesti\u00f3 habitual, obligat\u00f2ria i necess\u00e0ria per a complir amb les normatives i la legalitat, el nostre comprom\u00eds \u00e9s oferir fiabilitat i seguretat. Qu\u00e8 inclou: Confecci\u00f3 i control de tota la comptabilitat necess\u00e0ria i obligat\u00f2ria. Presentaci\u00f3 d&#8217;impostos Dubtes i consultes en els camps anteriors Si necessites m\u00e9s informaci\u00f3, no dubtis [&hellip;]","og_url":"https:\/\/alphaespai.com\/ca\/serveis\/","og_site_name":"Alpha Espai Coworking","article_modified_time":"2021-04-29T09:10:04+00:00","og_image":[{"url":"https:\/\/alphaespai.com\/wp-content\/uploads\/2020\/07\/folder-folders-office-paperwork-tax-paper-business-work-storage-250x187.jpg","type":"","width":"","height":""}],"twitter_misc":{"Temps estimat de lectura":"3 minuts"},"schema":{"@context":"https:\/\/schema.org","@graph":[{"@type":"WebPage","@id":"https:\/\/alphaespai.com\/ca\/serveis\/","url":"https:\/\/alphaespai.com\/ca\/serveis\/","name":"Serveis - Alpha Espai Coworking","isPartOf":{"@id":"https:\/\/alphaespai.com\/ca\/#website"},"primaryImageOfPage":{"@id":"https:\/\/alphaespai.com\/ca\/serveis\/#primaryimage"},"image":{"@id":"https:\/\/alphaespai.com\/ca\/serveis\/#primaryimage"},"thumbnailUrl":"https:\/\/alphaespai.com\/wp-content\/uploads\/2020\/07\/folder-folders-office-paperwork-tax-paper-business-work-storage-250x187.jpg","datePublished":"2021-02-25T17:41:21+00:00","dateModified":"2021-04-29T09:10:04+00:00","inLanguage":"ca","potentialAction":[{"@type":"ReadAction","target":["https:\/\/alphaespai.com\/ca\/serveis\/"]}]},{"@type":"ImageObject","inLanguage":"ca","@id":"https:\/\/alphaespai.com\/ca\/serveis\/#primaryimage","url":"https:\/\/alphaespai.com\/wp-content\/uploads\/2020\/07\/folder-folders-office-paperwork-tax-paper-business-work-storage-250x187.jpg","contentUrl":"https:\/\/alphaespai.com\/wp-content\/uploads\/2020\/07\/folder-folders-office-paperwork-tax-paper-business-work-storage-250x187.jpg"},{"@type":"WebSite","@id":"https:\/\/alphaespai.com\/ca\/#website","url":"https:\/\/alphaespai.com\/ca\/","name":"Alpha Espai Coworking","description":"Espai de Coworking a Barcelona","potentialAction":[{"@type":"SearchAction","target":{"@type":"EntryPoint","urlTemplate":"https:\/\/alphaespai.com\/ca\/?s={search_term_string}"},"query-input":{"@type":"PropertyValueSpecification","valueRequired":true,"valueName":"search_term_string"}}],"inLanguage":"ca"}]}},"_links":{"self":[{"href":"https:\/\/alphaespai.com\/ca\/wp-json\/wp\/v2\/pages\/10359","targetHints":{"allow":["GET"]}}],"collection":[{"href":"https:\/\/alphaespai.com\/ca\/wp-json\/wp\/v2\/pages"}],"about":[{"href":"https:\/\/alphaespai.com\/ca\/wp-json\/wp\/v2\/types\/page"}],"author":[{"embeddable":true,"href":"https:\/\/alphaespai.com\/ca\/wp-json\/wp\/v2\/users\/34"}],"replies":[{"embeddable":true,"href":"https:\/\/alphaespai.com\/ca\/wp-json\/wp\/v2\/comments?post=10359"}],"version-history":[{"count":2,"href":"https:\/\/alphaespai.com\/ca\/wp-json\/wp\/v2\/pages\/10359\/revisions"}],"predecessor-version":[{"id":10518,"href":"https:\/\/alphaespai.com\/ca\/wp-json\/wp\/v2\/pages\/10359\/revisions\/10518"}],"wp:attachment":[{"href":"https:\/\/alphaespai.com\/ca\/wp-json\/wp\/v2\/media?parent=10359"}],"curies":[{"name":"wp","href":"https:\/\/api.w.org\/{rel}","templated":true}]}}