{"id":10369,"date":"2021-03-01T15:37:10","date_gmt":"2021-03-01T14:37:10","guid":{"rendered":"https:\/\/alphaespai.com\/mentoring-coworking\/"},"modified":"2021-04-29T10:18:58","modified_gmt":"2021-04-29T09:18:58","slug":"mentoring-coworking","status":"publish","type":"page","link":"https:\/\/alphaespai.com\/ca\/mentoring-coworking\/","title":{"rendered":"Mentoring &#038; Coworking"},"content":{"rendered":"\n<div class=\"wp-block-columns is-layout-flex wp-container-core-columns-is-layout-28f84493 wp-block-columns-is-layout-flex\">\n<div class=\"wp-block-column mf_col_text is-layout-flow wp-block-column-is-layout-flow\">\n<h1 class=\"wp-block-heading\">Mentoring &amp; Coworking<\/h1>\n\n\n\n<p>A Alpha Espai hem creat un producte personalitzat.<\/p>\n\n\n\n<p><p align=\"JUSTIFY\"><span style=\"color: #333333;\"><span style=\"font-size: medium;\"><strong>Mentoring&amp;coworking<\/strong> donen un nou format al desenvolupament de les idees i dels negocis, a modelar i accelerar un projecte emprenedor dins d&#8217;una empresa. S\u00f3n eines que comparteixen la seva vinculaci\u00f3 amb el coneixement i l&#8217;aprenentatge.<\/span><\/span><\/p><\/p>\n\n\n\n<p>Portem molts anys coneixent dia rere dia diferents projectes emprenedors i sabem perfectament quins s\u00f3n els principals obstacles amb els quals es troben.<\/p>\n\n\n\n<figure class=\"wp-block-image size-large\"><img fetchpriority=\"high\" decoding=\"async\" width=\"348\" height=\"350\" src=\"https:\/\/alphaespai.com\/wp-content\/uploads\/2021\/03\/1150x350G3-edited.jpg\" alt=\"Sala Alpha\" class=\"wp-image-9467\" srcset=\"https:\/\/alphaespai.com\/wp-content\/uploads\/2021\/03\/1150x350G3-edited.jpg 348w, https:\/\/alphaespai.com\/wp-content\/uploads\/2021\/03\/1150x350G3-edited-250x250.jpg 250w, https:\/\/alphaespai.com\/wp-content\/uploads\/2021\/03\/1150x350G3-edited-150x150.jpg 150w\" sizes=\"(max-width: 348px) 100vw, 348px\" \/><\/figure><\/div>\n\n\n\n<div class=\"wp-block-column is-vertically-aligned-top is-layout-flow wp-block-column-is-layout-flow\">\n<figure class=\"wp-block-image size-large\"><img decoding=\"async\" width=\"250\" height=\"250\" src=\"https:\/\/alphaespai.com\/wp-content\/uploads\/2020\/07\/by-Steve-Cliff-coffee-break-1177540_1920-e1614008306651-250x250.jpg\" alt=\"\" class=\"wp-image-8158\" srcset=\"https:\/\/alphaespai.com\/wp-content\/uploads\/2020\/07\/by-Steve-Cliff-coffee-break-1177540_1920-e1614008306651-250x250.jpg 250w, https:\/\/alphaespai.com\/wp-content\/uploads\/2020\/07\/by-Steve-Cliff-coffee-break-1177540_1920-e1614008306651-150x150.jpg 150w, https:\/\/alphaespai.com\/wp-content\/uploads\/2020\/07\/by-Steve-Cliff-coffee-break-1177540_1920-e1614008306651-768x768.jpg 768w, https:\/\/alphaespai.com\/wp-content\/uploads\/2020\/07\/by-Steve-Cliff-coffee-break-1177540_1920-e1614008306651.jpg 1320w\" sizes=\"(max-width: 250px) 100vw, 250px\" \/><\/figure>\n\n\n<p>Per aix\u00f2, generem un producte basat en el nostre coneixement i experi\u00e8ncia professional, la dels nostres col\u00b7laboradors de coworking i la nostra proposta transversal.<\/p>\n\n\n\n<p><p align=\"JUSTIFY\"><span style=\"color: #333333;\"><span style=\"font-size: medium;\">Qu\u00e8 inclou:<\/span><\/span><\/p><\/p>\n\n\n\n<ul class=\"wp-block-list\"><li>Recon\u00e8ixer el teu negoci des d&#8217;una opini\u00f3 externa, constructiva, real i franca (un punt de treball no habitual en les assessories).<\/li><li>No treballar\u00e0s amb un sol mentor, serem varis amb experi\u00e8ncies diferents que visualitzaran la teva activitat des de la seva expertise i coneixement. No val saber de tot per una persona, val compartir visions i coneixement.<\/li><li><p align=\"JUSTIFY\"><span style=\"color: #333333;\"><span style=\"font-size: medium;\">T&#8217;oferim ser guies d&#8217;aprenentatge i transmissors de coneixement perqu\u00e8 el teu projecte sigui reptat, q\u00fcestionat i la reflexi\u00f3 et faci buscar noves maneres de fer, noves solucions i, per descomptat, noves oportunitats.<\/span><\/span><\/p><\/li><\/ul>\n\n\n<p><\/p>\n\n\n\n<p><p align=\"JUSTIFY\"><span style=\"color: #333333;\"><span style=\"font-size: medium;\">Mentoring&amp;Coworking, no pret\u00e9n dir-te que has de fer categ\u00f2ricament, t&#8217;ofereix:<\/span><\/span><\/p><\/p>\n\n\n\n<ul class=\"wp-block-list\"><li>treballar amb les teves habilitats i ser tu mateix qui decideixi qu\u00e8 \u00e9s el que necessita gr\u00e0cies a tot el proc\u00e9s seguit en el temps del Mentoring.<\/li><li>et proporcionar\u00e0, a m\u00e9s, connexi\u00f3 dins i fora de l&#8217;organitzaci\u00f3 i relacions valuoses per a mostrar i construir una xarxa de contactes.<\/li><\/ul>\n\n\n<p>El mentoring, no ha d&#8217;allargar-se, ha de ser una inversi\u00f3 en el temps curta i precisa, perqu\u00e8 tingui una acci\u00f3 immediata en favor del teu negoci i un cost assumible i coherent.<\/p>\n<\/div>\n<\/div>\n\n<div class=\"wp-block-buttons mf_botonera is-layout-flex wp-block-buttons-is-layout-flex\">\n<div class=\"wp-block-button mf_boton iz\" id=\"boton_club_info\"><a class=\"wp-block-button__link\" href=\"https:\/\/alphaespai.com\/ca\/contacte\/?t=MenCow\" rel=\"\">Necessito m\u00e9s informaci\u00f3<\/a><\/div>\n<\/div>\n","protected":false},"excerpt":{"rendered":"<p>Mentoring &amp; Coworking A Alpha Espai hem creat un producte personalitzat. Mentoring&amp;coworking donen un nou format al desenvolupament de les idees i dels negocis, a modelar i accelerar un projecte emprenedor dins d&#8217;una empresa. S\u00f3n eines que comparteixen la seva vinculaci\u00f3 amb el coneixement i l&#8217;aprenentatge. Portem molts anys coneixent dia rere dia diferents projectes [&hellip;]<\/p>\n","protected":false},"author":34,"featured_media":0,"parent":0,"menu_order":0,"comment_status":"closed","ping_status":"closed","template":"","meta":{"footnotes":""},"class_list":["post-10369","page","type-page","status-publish","hentry"],"yoast_head":"<!-- This site is optimized with the Yoast SEO plugin v27.5 - https:\/\/yoast.com\/product\/yoast-seo-wordpress\/ -->\n<title>Mentoring &amp; Coworking - Alpha Espai Coworking<\/title>\n<meta name=\"robots\" content=\"index, follow, max-snippet:-1, max-image-preview:large, max-video-preview:-1\" \/>\n<link rel=\"canonical\" href=\"https:\/\/alphaespai.com\/ca\/mentoring-coworking\/\" \/>\n<meta property=\"og:locale\" content=\"ca_ES\" \/>\n<meta property=\"og:type\" content=\"article\" \/>\n<meta property=\"og:title\" content=\"Mentoring &amp; Coworking - Alpha Espai Coworking\" \/>\n<meta property=\"og:description\" content=\"Mentoring &amp; Coworking A Alpha Espai hem creat un producte personalitzat. Mentoring&amp;coworking donen un nou format al desenvolupament de les idees i dels negocis, a modelar i accelerar un projecte emprenedor dins d&#8217;una empresa. S\u00f3n eines que comparteixen la seva vinculaci\u00f3 amb el coneixement i l&#8217;aprenentatge. Portem molts anys coneixent dia rere dia diferents projectes [&hellip;]\" \/>\n<meta property=\"og:url\" content=\"https:\/\/alphaespai.com\/ca\/mentoring-coworking\/\" \/>\n<meta property=\"og:site_name\" content=\"Alpha Espai Coworking\" \/>\n<meta property=\"article:modified_time\" content=\"2021-04-29T09:18:58+00:00\" \/>\n<meta property=\"og:image\" content=\"https:\/\/alphaespai.com\/wp-content\/uploads\/2021\/03\/1150x350G3-edited.jpg\" \/>\n<meta name=\"twitter:label1\" content=\"Temps estimat de lectura\" \/>\n\t<meta name=\"twitter:data1\" content=\"1 minut\" \/>\n<script type=\"application\/ld+json\" class=\"yoast-schema-graph\">{\"@context\":\"https:\\\/\\\/schema.org\",\"@graph\":[{\"@type\":\"WebPage\",\"@id\":\"https:\\\/\\\/alphaespai.com\\\/ca\\\/mentoring-coworking\\\/\",\"url\":\"https:\\\/\\\/alphaespai.com\\\/ca\\\/mentoring-coworking\\\/\",\"name\":\"Mentoring & Coworking - Alpha Espai Coworking\",\"isPartOf\":{\"@id\":\"https:\\\/\\\/alphaespai.com\\\/ca\\\/#website\"},\"primaryImageOfPage\":{\"@id\":\"https:\\\/\\\/alphaespai.com\\\/ca\\\/mentoring-coworking\\\/#primaryimage\"},\"image\":{\"@id\":\"https:\\\/\\\/alphaespai.com\\\/ca\\\/mentoring-coworking\\\/#primaryimage\"},\"thumbnailUrl\":\"https:\\\/\\\/alphaespai.com\\\/wp-content\\\/uploads\\\/2021\\\/03\\\/1150x350G3-edited.jpg\",\"datePublished\":\"2021-03-01T14:37:10+00:00\",\"dateModified\":\"2021-04-29T09:18:58+00:00\",\"inLanguage\":\"ca\",\"potentialAction\":[{\"@type\":\"ReadAction\",\"target\":[\"https:\\\/\\\/alphaespai.com\\\/ca\\\/mentoring-coworking\\\/\"]}]},{\"@type\":\"ImageObject\",\"inLanguage\":\"ca\",\"@id\":\"https:\\\/\\\/alphaespai.com\\\/ca\\\/mentoring-coworking\\\/#primaryimage\",\"url\":\"https:\\\/\\\/alphaespai.com\\\/wp-content\\\/uploads\\\/2021\\\/03\\\/1150x350G3-edited.jpg\",\"contentUrl\":\"https:\\\/\\\/alphaespai.com\\\/wp-content\\\/uploads\\\/2021\\\/03\\\/1150x350G3-edited.jpg\"},{\"@type\":\"WebSite\",\"@id\":\"https:\\\/\\\/alphaespai.com\\\/ca\\\/#website\",\"url\":\"https:\\\/\\\/alphaespai.com\\\/ca\\\/\",\"name\":\"Alpha Espai Coworking\",\"description\":\"Espai de Coworking a Barcelona\",\"potentialAction\":[{\"@type\":\"SearchAction\",\"target\":{\"@type\":\"EntryPoint\",\"urlTemplate\":\"https:\\\/\\\/alphaespai.com\\\/ca\\\/?s={search_term_string}\"},\"query-input\":{\"@type\":\"PropertyValueSpecification\",\"valueRequired\":true,\"valueName\":\"search_term_string\"}}],\"inLanguage\":\"ca\"}]}<\/script>\n<!-- \/ Yoast SEO plugin. -->","yoast_head_json":{"title":"Mentoring & Coworking - Alpha Espai Coworking","robots":{"index":"index","follow":"follow","max-snippet":"max-snippet:-1","max-image-preview":"max-image-preview:large","max-video-preview":"max-video-preview:-1"},"canonical":"https:\/\/alphaespai.com\/ca\/mentoring-coworking\/","og_locale":"ca_ES","og_type":"article","og_title":"Mentoring & Coworking - Alpha Espai Coworking","og_description":"Mentoring &amp; Coworking A Alpha Espai hem creat un producte personalitzat. Mentoring&amp;coworking donen un nou format al desenvolupament de les idees i dels negocis, a modelar i accelerar un projecte emprenedor dins d&#8217;una empresa. S\u00f3n eines que comparteixen la seva vinculaci\u00f3 amb el coneixement i l&#8217;aprenentatge. Portem molts anys coneixent dia rere dia diferents projectes [&hellip;]","og_url":"https:\/\/alphaespai.com\/ca\/mentoring-coworking\/","og_site_name":"Alpha Espai Coworking","article_modified_time":"2021-04-29T09:18:58+00:00","og_image":[{"url":"https:\/\/alphaespai.com\/wp-content\/uploads\/2021\/03\/1150x350G3-edited.jpg","type":"","width":"","height":""}],"twitter_misc":{"Temps estimat de lectura":"1 minut"},"schema":{"@context":"https:\/\/schema.org","@graph":[{"@type":"WebPage","@id":"https:\/\/alphaespai.com\/ca\/mentoring-coworking\/","url":"https:\/\/alphaespai.com\/ca\/mentoring-coworking\/","name":"Mentoring & Coworking - Alpha Espai Coworking","isPartOf":{"@id":"https:\/\/alphaespai.com\/ca\/#website"},"primaryImageOfPage":{"@id":"https:\/\/alphaespai.com\/ca\/mentoring-coworking\/#primaryimage"},"image":{"@id":"https:\/\/alphaespai.com\/ca\/mentoring-coworking\/#primaryimage"},"thumbnailUrl":"https:\/\/alphaespai.com\/wp-content\/uploads\/2021\/03\/1150x350G3-edited.jpg","datePublished":"2021-03-01T14:37:10+00:00","dateModified":"2021-04-29T09:18:58+00:00","inLanguage":"ca","potentialAction":[{"@type":"ReadAction","target":["https:\/\/alphaespai.com\/ca\/mentoring-coworking\/"]}]},{"@type":"ImageObject","inLanguage":"ca","@id":"https:\/\/alphaespai.com\/ca\/mentoring-coworking\/#primaryimage","url":"https:\/\/alphaespai.com\/wp-content\/uploads\/2021\/03\/1150x350G3-edited.jpg","contentUrl":"https:\/\/alphaespai.com\/wp-content\/uploads\/2021\/03\/1150x350G3-edited.jpg"},{"@type":"WebSite","@id":"https:\/\/alphaespai.com\/ca\/#website","url":"https:\/\/alphaespai.com\/ca\/","name":"Alpha Espai Coworking","description":"Espai de Coworking a Barcelona","potentialAction":[{"@type":"SearchAction","target":{"@type":"EntryPoint","urlTemplate":"https:\/\/alphaespai.com\/ca\/?s={search_term_string}"},"query-input":{"@type":"PropertyValueSpecification","valueRequired":true,"valueName":"search_term_string"}}],"inLanguage":"ca"}]}},"_links":{"self":[{"href":"https:\/\/alphaespai.com\/ca\/wp-json\/wp\/v2\/pages\/10369","targetHints":{"allow":["GET"]}}],"collection":[{"href":"https:\/\/alphaespai.com\/ca\/wp-json\/wp\/v2\/pages"}],"about":[{"href":"https:\/\/alphaespai.com\/ca\/wp-json\/wp\/v2\/types\/page"}],"author":[{"embeddable":true,"href":"https:\/\/alphaespai.com\/ca\/wp-json\/wp\/v2\/users\/34"}],"replies":[{"embeddable":true,"href":"https:\/\/alphaespai.com\/ca\/wp-json\/wp\/v2\/comments?post=10369"}],"version-history":[{"count":2,"href":"https:\/\/alphaespai.com\/ca\/wp-json\/wp\/v2\/pages\/10369\/revisions"}],"predecessor-version":[{"id":10527,"href":"https:\/\/alphaespai.com\/ca\/wp-json\/wp\/v2\/pages\/10369\/revisions\/10527"}],"wp:attachment":[{"href":"https:\/\/alphaespai.com\/ca\/wp-json\/wp\/v2\/media?parent=10369"}],"curies":[{"name":"wp","href":"https:\/\/api.w.org\/{rel}","templated":true}]}}