{"id":10386,"date":"2021-04-22T10:13:02","date_gmt":"2021-04-22T09:13:02","guid":{"rendered":"https:\/\/alphaespai.com\/avis-legal\/"},"modified":"2021-04-23T09:17:39","modified_gmt":"2021-04-23T08:17:39","slug":"avis-legal","status":"publish","type":"page","link":"https:\/\/alphaespai.com\/ca\/avis-legal\/","title":{"rendered":"Av\u00eds legal"},"content":{"rendered":"\n<h1 class=\"wp-block-heading\">Av\u00eds legal<\/h1>\n\n<p>En compliment de l&#8217;article 10 de la Llei 34\/2002, d&#8217;11 de juliol, de Serveis de la Societat de la Informaci\u00f3 i Comer\u00e7 Electr\u00f2nic (LSSI-CE) a continuaci\u00f3 es detallen les dades identificatives de l&#8217;empresa:<\/p>\n\n<p><strong>Nom empresa<\/strong><\/p>\n\n<p><strong>Ra\u00f3 social: ALPHA COWORK, S.L.<\/strong><\/p>\n\n<p><strong>NIF: B66101320<\/strong><\/p>\n\n<p><strong>Adre\u00e7a: C\/PERE IV, 214, 08005, BARCELONA<\/strong><\/p>\n\n<p><strong>Tel\u00e8fon: 605964337<\/strong><\/p>\n\n<p><strong>Email: jordi@alphaespai.com<\/strong><\/p>\n\n<h3 class=\"wp-block-heading\">Finalitat de la p\u00e0gina web<\/h3>\n\n<p>La finalitat d\u2019aquesta web es atendre les seves consultes i peticions.<\/p>\n\n<p>El present av\u00eds legal (d&#8217;ara endavant, &#8220;Av\u00eds Legal&#8221;) regula l&#8217;\u00fas del lloc web: https:\/\/alphaespai.com\/<\/p>\n\n<h3 class=\"wp-block-heading\">Legislaci\u00f3<\/h3>\n\n<p>Amb car\u00e0cter general les relacions entre ALPHA COWORK, S.L. amb els usuaris dels seus serveis telem\u00e0tics, presents en aquest lloc web, es troben sotmeses a la legislaci\u00f3 i jurisdicci\u00f3 espanyoles.<\/p>\n\n<h3 class=\"wp-block-heading\">\u00das i acc\u00e9s d&#8217;usuaris<\/h3>\n\n<p>L&#8217;Usuari queda informat, i accepta, que l&#8217;acc\u00e9s a la present web no suposa, de cap manera, l&#8217;inici d&#8217;una relaci\u00f3 comercial amb ALPHA COWORK, S.L. o qualsevol de les seves delegacions.<\/p>\n\n<h3 class=\"wp-block-heading\">Propietat intel\u00b7lectual i industrial<\/h3>\n\n<p>Els drets de propietat intel\u00b7lectual del contingut de les p\u00e0gines web, el seu disseny gr\u00e0fic i codis s\u00f3n titularitat de ALPHA COWORK, S.L. i, per tant, queda prohibida la seva reproducci\u00f3, distribuci\u00f3, comunicaci\u00f3 p\u00fablica, transformaci\u00f3 o qualsevol altra activitat que es pugui realitzar amb els continguts de les seves p\u00e0gines web ni fins i tot citant les fonts, excepte consentiment per escrit de ALPHA COWORK, S.L..<\/p>\n\n<h3 class=\"wp-block-heading\">Contingut de la web i enlla\u00e7os (links)<\/h3>\n\n<p>ALPHA COWORK, S.L. es reserva el dret a actualitzar, modificar o eliminar la informaci\u00f3 continguda a les seves p\u00e0gines web podent fins i tot limitar o no permetre l&#8217;acc\u00e9s a aquesta informaci\u00f3 a certs usuaris.<\/p>\n\n<p>ALPHA COWORK, S.L. no assumeix responsabilitat alguna per la informaci\u00f3 continguda en p\u00e0gines web de tercers a les quals es pugui accedir per &#8220;links&#8221; o enlla\u00e7os des de qualsevol p\u00e0gina web propietat de ALPHA COWORK, S.L.. La pres\u00e8ncia de &#8220;links&#8221; o enlla\u00e7os a les p\u00e0gines web de ALPHA COWORK, S.L. t\u00e9 finalitat merament informativa i en cap cas suposa suggeriment, invitaci\u00f3 o recomanaci\u00f3 sobre els mateixos.<\/p>\n","protected":false},"excerpt":{"rendered":"<p>Av\u00eds legal En compliment de l&#8217;article 10 de la Llei 34\/2002, d&#8217;11 de juliol, de Serveis de la Societat de la Informaci\u00f3 i Comer\u00e7 Electr\u00f2nic (LSSI-CE) a continuaci\u00f3 es detallen les dades identificatives de l&#8217;empresa: Nom empresa Ra\u00f3 social: ALPHA COWORK, S.L. NIF: B66101320 Adre\u00e7a: C\/PERE IV, 214, 08005, BARCELONA Tel\u00e8fon: 605964337 Email: jordi@alphaespai.com Finalitat [&hellip;]<\/p>\n","protected":false},"author":34,"featured_media":0,"parent":0,"menu_order":0,"comment_status":"closed","ping_status":"closed","template":"","meta":{"footnotes":""},"class_list":["post-10386","page","type-page","status-publish","hentry"],"yoast_head":"<!-- This site is optimized with the Yoast SEO plugin v27.5 - https:\/\/yoast.com\/product\/yoast-seo-wordpress\/ -->\n<title>Av\u00eds legal - Alpha Espai Coworking<\/title>\n<meta name=\"robots\" content=\"index, follow, max-snippet:-1, max-image-preview:large, max-video-preview:-1\" \/>\n<link rel=\"canonical\" href=\"https:\/\/alphaespai.com\/ca\/avis-legal\/\" \/>\n<meta property=\"og:locale\" content=\"ca_ES\" \/>\n<meta property=\"og:type\" content=\"article\" \/>\n<meta property=\"og:title\" content=\"Av\u00eds legal - Alpha Espai Coworking\" \/>\n<meta property=\"og:description\" content=\"Av\u00eds legal En compliment de l&#8217;article 10 de la Llei 34\/2002, d&#8217;11 de juliol, de Serveis de la Societat de la Informaci\u00f3 i Comer\u00e7 Electr\u00f2nic (LSSI-CE) a continuaci\u00f3 es detallen les dades identificatives de l&#8217;empresa: Nom empresa Ra\u00f3 social: ALPHA COWORK, S.L. NIF: B66101320 Adre\u00e7a: C\/PERE IV, 214, 08005, BARCELONA Tel\u00e8fon: 605964337 Email: jordi@alphaespai.com Finalitat [&hellip;]\" \/>\n<meta property=\"og:url\" content=\"https:\/\/alphaespai.com\/ca\/avis-legal\/\" \/>\n<meta property=\"og:site_name\" content=\"Alpha Espai Coworking\" \/>\n<meta property=\"article:modified_time\" content=\"2021-04-23T08:17:39+00:00\" \/>\n<meta name=\"twitter:label1\" content=\"Temps estimat de lectura\" \/>\n\t<meta name=\"twitter:data1\" content=\"2 minuts\" \/>\n<script type=\"application\/ld+json\" class=\"yoast-schema-graph\">{\"@context\":\"https:\\\/\\\/schema.org\",\"@graph\":[{\"@type\":\"WebPage\",\"@id\":\"https:\\\/\\\/alphaespai.com\\\/ca\\\/avis-legal\\\/\",\"url\":\"https:\\\/\\\/alphaespai.com\\\/ca\\\/avis-legal\\\/\",\"name\":\"Av\u00eds legal - Alpha Espai Coworking\",\"isPartOf\":{\"@id\":\"https:\\\/\\\/alphaespai.com\\\/ca\\\/#website\"},\"datePublished\":\"2021-04-22T09:13:02+00:00\",\"dateModified\":\"2021-04-23T08:17:39+00:00\",\"inLanguage\":\"ca\",\"potentialAction\":[{\"@type\":\"ReadAction\",\"target\":[\"https:\\\/\\\/alphaespai.com\\\/ca\\\/avis-legal\\\/\"]}]},{\"@type\":\"WebSite\",\"@id\":\"https:\\\/\\\/alphaespai.com\\\/ca\\\/#website\",\"url\":\"https:\\\/\\\/alphaespai.com\\\/ca\\\/\",\"name\":\"Alpha Espai Coworking\",\"description\":\"Espai de Coworking a Barcelona\",\"potentialAction\":[{\"@type\":\"SearchAction\",\"target\":{\"@type\":\"EntryPoint\",\"urlTemplate\":\"https:\\\/\\\/alphaespai.com\\\/ca\\\/?s={search_term_string}\"},\"query-input\":{\"@type\":\"PropertyValueSpecification\",\"valueRequired\":true,\"valueName\":\"search_term_string\"}}],\"inLanguage\":\"ca\"}]}<\/script>\n<!-- \/ Yoast SEO plugin. -->","yoast_head_json":{"title":"Av\u00eds legal - Alpha Espai Coworking","robots":{"index":"index","follow":"follow","max-snippet":"max-snippet:-1","max-image-preview":"max-image-preview:large","max-video-preview":"max-video-preview:-1"},"canonical":"https:\/\/alphaespai.com\/ca\/avis-legal\/","og_locale":"ca_ES","og_type":"article","og_title":"Av\u00eds legal - Alpha Espai Coworking","og_description":"Av\u00eds legal En compliment de l&#8217;article 10 de la Llei 34\/2002, d&#8217;11 de juliol, de Serveis de la Societat de la Informaci\u00f3 i Comer\u00e7 Electr\u00f2nic (LSSI-CE) a continuaci\u00f3 es detallen les dades identificatives de l&#8217;empresa: Nom empresa Ra\u00f3 social: ALPHA COWORK, S.L. NIF: B66101320 Adre\u00e7a: C\/PERE IV, 214, 08005, BARCELONA Tel\u00e8fon: 605964337 Email: jordi@alphaespai.com Finalitat [&hellip;]","og_url":"https:\/\/alphaespai.com\/ca\/avis-legal\/","og_site_name":"Alpha Espai Coworking","article_modified_time":"2021-04-23T08:17:39+00:00","twitter_misc":{"Temps estimat de lectura":"2 minuts"},"schema":{"@context":"https:\/\/schema.org","@graph":[{"@type":"WebPage","@id":"https:\/\/alphaespai.com\/ca\/avis-legal\/","url":"https:\/\/alphaespai.com\/ca\/avis-legal\/","name":"Av\u00eds legal - Alpha Espai Coworking","isPartOf":{"@id":"https:\/\/alphaespai.com\/ca\/#website"},"datePublished":"2021-04-22T09:13:02+00:00","dateModified":"2021-04-23T08:17:39+00:00","inLanguage":"ca","potentialAction":[{"@type":"ReadAction","target":["https:\/\/alphaespai.com\/ca\/avis-legal\/"]}]},{"@type":"WebSite","@id":"https:\/\/alphaespai.com\/ca\/#website","url":"https:\/\/alphaespai.com\/ca\/","name":"Alpha Espai Coworking","description":"Espai de Coworking a Barcelona","potentialAction":[{"@type":"SearchAction","target":{"@type":"EntryPoint","urlTemplate":"https:\/\/alphaespai.com\/ca\/?s={search_term_string}"},"query-input":{"@type":"PropertyValueSpecification","valueRequired":true,"valueName":"search_term_string"}}],"inLanguage":"ca"}]}},"_links":{"self":[{"href":"https:\/\/alphaespai.com\/ca\/wp-json\/wp\/v2\/pages\/10386","targetHints":{"allow":["GET"]}}],"collection":[{"href":"https:\/\/alphaespai.com\/ca\/wp-json\/wp\/v2\/pages"}],"about":[{"href":"https:\/\/alphaespai.com\/ca\/wp-json\/wp\/v2\/types\/page"}],"author":[{"embeddable":true,"href":"https:\/\/alphaespai.com\/ca\/wp-json\/wp\/v2\/users\/34"}],"replies":[{"embeddable":true,"href":"https:\/\/alphaespai.com\/ca\/wp-json\/wp\/v2\/comments?post=10386"}],"version-history":[{"count":0,"href":"https:\/\/alphaespai.com\/ca\/wp-json\/wp\/v2\/pages\/10386\/revisions"}],"wp:attachment":[{"href":"https:\/\/alphaespai.com\/ca\/wp-json\/wp\/v2\/media?parent=10386"}],"curies":[{"name":"wp","href":"https:\/\/api.w.org\/{rel}","templated":true}]}}