{"id":10388,"date":"2021-04-22T10:18:56","date_gmt":"2021-04-22T09:18:56","guid":{"rendered":"https:\/\/alphaespai.com\/politica-de-cookies\/"},"modified":"2021-04-23T10:07:24","modified_gmt":"2021-04-23T09:07:24","slug":"politica-de-cookies","status":"publish","type":"page","link":"https:\/\/alphaespai.com\/ca\/politica-de-cookies\/","title":{"rendered":"Pol\u00edtica de cookies"},"content":{"rendered":"\n<h1 class=\"wp-block-heading\"><strong>Pol\u00edtica de cookies<\/strong><\/h1>\n\n<p>ALPHA COWORK, S.L., a trav\u00e9s del present document, recull la seva Pol\u00edtica de recollida i tractament de cookies, en compliment del que disposa l&#8217;article 22.2 de la Llei 34\/2002, d\u201911 de juliol, de Serveis de la societat de la Informaci\u00f3 i de Comer\u00e7 Electr\u00f2nic (LSSI-CE).<\/p>\n\n<p>Les cookies s&#8217;emmagatzemen a l&#8217;equip terminal de l&#8217;usuari (ordinador o dispositiu m\u00f2bil) i recopilen informaci\u00f3 en visitar la p\u00e0gina web https:\/\/alphaespai.com\/, amb la finalitat de millorar la usabilitat de la mateixa, con\u00e8ixer els h\u00e0bits o necessitats de navegaci\u00f3 dels usuaris per poder adaptar-se als mateixos, aix\u00ed com obtenir informaci\u00f3 amb fins estad\u00edstics. En el cas d&#8217;aquells usuaris que ja siguin clients de ALPHA COWORK, S.L., la informaci\u00f3 recollida amb les cookies servir\u00e0 tamb\u00e9 per a la seva identificaci\u00f3 en accedir a les diferents eines que ALPHA COWORK, S.L. posa a la seva disposici\u00f3 per a la gesti\u00f3 dels serveis.<\/p>\n\n<p>La present Pol\u00edtica de cookies ser\u00e0 d&#8217;aplicaci\u00f3 a aquells usuaris que volunt\u00e0riament visitin les p\u00e0gines web de ALPHA COWORK, S.L., emplenin formularis de recollida de dades, accedeixin a les eines que ALPHA COWORK, S.L. posa a disposici\u00f3 dels seus clients per a gestionar els seus serveis, o utilitzin qualsevol altre servei present en el lloc web que impliqui la comunicaci\u00f3 de dades a ALPHA COWORK, S.L., o l&#8217;acc\u00e9s a dades per ALPHA COWORK, S.L. per a la prestaci\u00f3 dels seus serveis.<\/p>\n\n<p>ALPHA COWORK, S.L. informa els usuaris de les seves p\u00e0gines web, de l&#8217;exist\u00e8ncia de cookies i posa a la seva disposici\u00f3 la present Pol\u00edtica amb la finalitat d&#8217;informar-los sobre l&#8217;\u00fas i de l&#8217;objecte de les mateixes. El fet de continuar la navegaci\u00f3 a trav\u00e9s de les seves p\u00e0gines, suposa el coneixement i l&#8217;acceptaci\u00f3 de la present Pol\u00edtica per part d&#8217;aquests usuaris. <\/p>\n\n<p>ALPHA COWORK, S.L. utilitza els seg\u00fcents tipus de cookies: <\/p>\n\n<p>Classificades segons la seva titularitat:<\/p>\n\n<p>\u2022<em> Cookies pr\u00f2pies:<\/em> enviades i gestionades directament per ALPHA COWORK, S.L..<\/p>\n\n<p><div><span lang=\"CA\">\u2022 <em>Cookies de tercers:<\/em> enviades i gestionades per un tercer ali\u00e8 a ALPHA COWORK, S.L., de forma an\u00f2nima, amb la finalitat de realitzar estudis estad\u00edstics de navegaci\u00f3 per les p\u00e0gines web de ALPHA COWORK, S.L.. <\/span><\/div><\/p>\n\n<p>Classificades segons la seva finalitat:<\/p>\n\n<p>\u2022 <em>Cookies t\u00e8cniques i\/o de personalitzaci\u00f3:<\/em> faciliten la navegaci\u00f3 en identificar la sessi\u00f3, permetre l&#8217;acc\u00e9s a eines d&#8217;acc\u00e9s restringit, a m\u00e9s de configurar a mida les opcions disponibles. Possibiliten la prestaci\u00f3 del servei sol\u2022licitat pr\u00e8viament per l&#8217;usuari.<\/p>\n\n<p><div><span lang=\"CA\"><em>\u2022 Cookies d&#8217;an\u00e0lisi i\/o publicitat:<\/em> permeten con\u00e8ixer el nombre de visites rebudes en les diferents seccions de les p\u00e0gines web, els h\u00e0bits i tend\u00e8ncies dels seus usuaris i en conseq\u00fc\u00e8ncia, poder millorar la navegaci\u00f3 i el servei ofert per ALPHA COWORK, S.L. (fonamentalment, Google Analytics), aix\u00ed com gestionar els espais publicitaris inclosos en la p\u00e0gina web visitada per l&#8217;usuari. Recull dades de forma an\u00f2nima amb la finalitat d&#8217;obtenir perfils de navegaci\u00f3 dels usuaris. <\/span><\/div><\/p>\n\n<p>Classificades segons la seva durada:<\/p>\n\n<p>\u2022 <em>Cookies de sessi\u00f3:<\/em> recullen i emmagatzemen les dades mentre l&#8217;usuari accedeix a la p\u00e0gina web.<\/p>\n\n<p><div><span lang=\"CA\">\u2022 <em>Cookies persistents:<\/em> recapten i emmagatzemen les dades en el terminal de l&#8217;usuari durant un per\u00edode de temps variable en funci\u00f3 de quina sigui la finalitat per a la qual han estat utilitzades.<\/span><\/div><\/p>\n\n<p id=\"nav_cook\">El temps de conservaci\u00f3 de les cookies dependr\u00e0 del tipus de qu\u00e8 es tracti i sempre ser\u00e0 el m\u00ednim indispensable per complir la seva finalitat.<\/p>\n\n<p>En qualsevol cas, els usuaris poden configurar el seu navegador, de manera que es desactivi o bloquegi la recepci\u00f3 de totes o algunes de les cookies. El fet de no desitjar rebre aquestes cookies, no constitueix un impediment per poder accedir a la informaci\u00f3 dels llocs web de ALPHA COWORK, S.L. encara que l&#8217;\u00fas d&#8217;alguns serveis podr\u00e0 ser limitat. Si un cop atorgat el consentiment per a la recepci\u00f3 de cookies es desitg\u00e9s retirar-lo, s&#8217;hauran eliminar aquelles cookies emmagatzemades a l&#8217;equip de l&#8217;usuari, a trav\u00e9s de les opcions dels diferents navegadors.<\/p>\n\n<p><strong>La forma de configurar els diferents navegadors per exercitar les accions assenyalades en els par\u00e0grafs anteriors, es pot consultar a:<\/strong><\/p>\n\n<p>Explorer:\u00a0<a href=\"https:\/\/support.microsoft.com\/es-es\/help\/17442\/windows-internet-explorer-delete-manage-cookies#ie=ie-10\" target=\"_blank\" rel=\"noreferrer noopener nofollow\">https:\/\/support.microsoft.com\/es-es\/help\/17442\/windows-internet-explorer-delete-manage-cookies#ie=ie-10<\/a><\/p>\n\n<p>Chrome:\u00a0<a href=\"https:\/\/support.google.com\/chrome\/answer\/95647?hl=es\" target=\"_blank\" rel=\"noreferrer noopener nofollow\">https:\/\/support.google.com\/chrome\/answer\/95647?hl=es<\/a><\/p>\n\n<p>Firefox:\u00a0<a href=\"https:\/\/support.mozilla.org\/es\/kb\/habilitar-y-deshabilitar-cookies-sitios-web-rastrear-preferencias?redirectlocale=es&amp;redirectslug=habilitar-y-deshabilitar-cookies-que-los-sitios-we\" target=\"_blank\" rel=\"noreferrer noopener nofollow\">https:\/\/support.mozilla.org\/es\/kb\/habilitar-y-deshabilitar-cookies-sitios-web-rastrear-preferencias?redirectlocale=es&amp;redirectslug=habilitar-y-deshabilitar-cookies-que-los-sitios-we<\/a><\/p>\n\n<p>Safari:\u00a0<a href=\"https:\/\/support.apple.com\/kb\/ph21411?locale=es_ES\" target=\"_blank\" rel=\"noreferrer noopener nofollow\">https:\/\/support.apple.com\/kb\/ph21411?locale=es_ES<\/a><\/p>\n\n<p>Opera:\u00a0<a href=\"https:\/\/help.opera.com\/es\/Windows\/11.50\/es-ES\/cookies.html\" target=\"_blank\" rel=\"noreferrer noopener nofollow\">https:\/\/help.opera.com\/es\/Windows\/11.50\/es-ES\/cookies.html<\/a><\/p>\n\n<h3 class=\"wp-block-heading\">Ampliaci\u00f3 de Google Analytics<\/h3>\n\n<p>Aquesta p\u00e0gina web utilitza Google Analytics, un servei anal\u00edtic web proporcionat per Google, Inc (Google, ara en endavant). Google Analytics utilitza les anomenades &#8220;cookies&#8221;, arxius de text que s&#8217;instal\u00b7len a l&#8217;ordinador i que fan possible l&#8217;an\u00e0lisi del comportament dels usuaris a Internet. La informaci\u00f3 que genera la cookie sobre l&#8217;\u00fas que realitza l&#8217;usuari de la p\u00e0gina web es transmet i s&#8217;emmagatzema generalment en els servidors de Google dels Estats Units. En cas d&#8217;activar l&#8217;opci\u00f3 d&#8217;IP an\u00f2nima a la p\u00e0gina web, l&#8217;adre\u00e7a IP no apareixer\u00e0 completa dins dels pa\u00efsos de la Uni\u00f3 Europea o en els altres pa\u00efsos que aix\u00ed ho hagin acordat dins de l&#8217;espai econ\u00f2mic de la Uni\u00f3 Europea. Nom\u00e9s excepcionalment es transmetr\u00e0 l&#8217;adre\u00e7a IP completa a un servidor de Google als Estats Units i un cop all\u00e0 s&#8217;escur\u00e7ar\u00e0. \u00danicament amb autoritzaci\u00f3 de l&#8217;usuari de la p\u00e0gina, Google utilitzar\u00e0 aquesta informaci\u00f3 per tal de valorar el comportament de l&#8217;usuari a la p\u00e0gina web, generar informes sobre les activitats del web i oferir al propietari de la p\u00e0gina serveis relacionats amb l&#8217;\u00fas web i d\u2019Internet. L&#8217;adre\u00e7a IP transmesa pel seu navegador en el marc de Google Analytics no s&#8217;associar\u00e0 amb altres dades de Google. L&#8217;usuari pot evitar l&#8217;emmagatzematge de cookies configurant el navegador corresponentment de manera que no s&#8217;emmagatzemin les cookies. Aquesta configuraci\u00f3 pot afectar la plena funcionalitat de la p\u00e0gina web. Amb l&#8217;\u00fas d&#8217;aquesta web, l&#8217;usuari est\u00e0 d&#8217;acord amb el processament de dades per Google de la manera anteriorment esmentada. L&#8217;usuari tamb\u00e9 pot evitar el registre de les dades generades per les galetes i dels relacionats a l&#8217;\u00fas de la p\u00e0gina web (inclosa l&#8217;adre\u00e7a IP), aix\u00ed com el processament dels mateixos descarregant i instal\u00b7lant el seg\u00fcent plugin per al navegador disponible a trav\u00e9s d&#8217;aquest link: <a href=\"http:\/\/tools.google.com\/dlpage\/gaoptout\">http:\/\/tools.google.com\/dlpage\/gaoptout<\/a><\/p>\n\n<p>M\u00e9s informaci\u00f3 sobre els termes i condicions d&#8217;\u00fas i pol\u00edtica de privacitat en les <a href=\"https:\/\/www.google.com\/analytics\/terms\/es.html\">condicions d&#8217;\u00fas de Google Analytics<\/a> o en les <a href=\"https:\/\/support.google.com\/analytics\/answer\/6004245\">condicions generals de Google Analytics<\/a>. Tingues en compte que en aquesta p\u00e0gina el codi de Google analytics inclou l&#8217;etiqueta &#8220;gat._anonymizeIp ();&#8221;, que assegura la recol\u00b7lecci\u00f3 d&#8217;adreces IP de manera an\u00f2nima (m\u00e0scara d&#8217;IP).<\/p>\n","protected":false},"excerpt":{"rendered":"<p>Pol\u00edtica de cookies ALPHA COWORK, S.L., a trav\u00e9s del present document, recull la seva Pol\u00edtica de recollida i tractament de cookies, en compliment del que disposa l&#8217;article 22.2 de la Llei 34\/2002, d\u201911 de juliol, de Serveis de la societat de la Informaci\u00f3 i de Comer\u00e7 Electr\u00f2nic (LSSI-CE). Les cookies s&#8217;emmagatzemen a l&#8217;equip terminal de [&hellip;]<\/p>\n","protected":false},"author":34,"featured_media":0,"parent":0,"menu_order":0,"comment_status":"closed","ping_status":"closed","template":"","meta":{"footnotes":""},"class_list":["post-10388","page","type-page","status-publish","hentry"],"yoast_head":"<!-- This site is optimized with the Yoast SEO plugin v27.5 - https:\/\/yoast.com\/product\/yoast-seo-wordpress\/ -->\n<title>Pol\u00edtica de cookies - Alpha Espai Coworking<\/title>\n<meta name=\"robots\" content=\"index, follow, max-snippet:-1, max-image-preview:large, max-video-preview:-1\" \/>\n<link rel=\"canonical\" href=\"https:\/\/alphaespai.com\/ca\/politica-de-cookies\/\" \/>\n<meta property=\"og:locale\" content=\"ca_ES\" \/>\n<meta property=\"og:type\" content=\"article\" \/>\n<meta property=\"og:title\" content=\"Pol\u00edtica de cookies - Alpha Espai Coworking\" \/>\n<meta property=\"og:description\" content=\"Pol\u00edtica de cookies ALPHA COWORK, S.L., a trav\u00e9s del present document, recull la seva Pol\u00edtica de recollida i tractament de cookies, en compliment del que disposa l&#8217;article 22.2 de la Llei 34\/2002, d\u201911 de juliol, de Serveis de la societat de la Informaci\u00f3 i de Comer\u00e7 Electr\u00f2nic (LSSI-CE). Les cookies s&#8217;emmagatzemen a l&#8217;equip terminal de [&hellip;]\" \/>\n<meta property=\"og:url\" content=\"https:\/\/alphaespai.com\/ca\/politica-de-cookies\/\" \/>\n<meta property=\"og:site_name\" content=\"Alpha Espai Coworking\" \/>\n<meta property=\"article:modified_time\" content=\"2021-04-23T09:07:24+00:00\" \/>\n<meta name=\"twitter:label1\" content=\"Temps estimat de lectura\" \/>\n\t<meta name=\"twitter:data1\" content=\"6 minuts\" \/>\n<script type=\"application\/ld+json\" class=\"yoast-schema-graph\">{\"@context\":\"https:\\\/\\\/schema.org\",\"@graph\":[{\"@type\":\"WebPage\",\"@id\":\"https:\\\/\\\/alphaespai.com\\\/ca\\\/politica-de-cookies\\\/\",\"url\":\"https:\\\/\\\/alphaespai.com\\\/ca\\\/politica-de-cookies\\\/\",\"name\":\"Pol\u00edtica de cookies - Alpha Espai Coworking\",\"isPartOf\":{\"@id\":\"https:\\\/\\\/alphaespai.com\\\/ca\\\/#website\"},\"datePublished\":\"2021-04-22T09:18:56+00:00\",\"dateModified\":\"2021-04-23T09:07:24+00:00\",\"inLanguage\":\"ca\",\"potentialAction\":[{\"@type\":\"ReadAction\",\"target\":[\"https:\\\/\\\/alphaespai.com\\\/ca\\\/politica-de-cookies\\\/\"]}]},{\"@type\":\"WebSite\",\"@id\":\"https:\\\/\\\/alphaespai.com\\\/ca\\\/#website\",\"url\":\"https:\\\/\\\/alphaespai.com\\\/ca\\\/\",\"name\":\"Alpha Espai Coworking\",\"description\":\"Espai de Coworking a Barcelona\",\"potentialAction\":[{\"@type\":\"SearchAction\",\"target\":{\"@type\":\"EntryPoint\",\"urlTemplate\":\"https:\\\/\\\/alphaespai.com\\\/ca\\\/?s={search_term_string}\"},\"query-input\":{\"@type\":\"PropertyValueSpecification\",\"valueRequired\":true,\"valueName\":\"search_term_string\"}}],\"inLanguage\":\"ca\"}]}<\/script>\n<!-- \/ Yoast SEO plugin. -->","yoast_head_json":{"title":"Pol\u00edtica de cookies - Alpha Espai Coworking","robots":{"index":"index","follow":"follow","max-snippet":"max-snippet:-1","max-image-preview":"max-image-preview:large","max-video-preview":"max-video-preview:-1"},"canonical":"https:\/\/alphaespai.com\/ca\/politica-de-cookies\/","og_locale":"ca_ES","og_type":"article","og_title":"Pol\u00edtica de cookies - Alpha Espai Coworking","og_description":"Pol\u00edtica de cookies ALPHA COWORK, S.L., a trav\u00e9s del present document, recull la seva Pol\u00edtica de recollida i tractament de cookies, en compliment del que disposa l&#8217;article 22.2 de la Llei 34\/2002, d\u201911 de juliol, de Serveis de la societat de la Informaci\u00f3 i de Comer\u00e7 Electr\u00f2nic (LSSI-CE). Les cookies s&#8217;emmagatzemen a l&#8217;equip terminal de [&hellip;]","og_url":"https:\/\/alphaespai.com\/ca\/politica-de-cookies\/","og_site_name":"Alpha Espai Coworking","article_modified_time":"2021-04-23T09:07:24+00:00","twitter_misc":{"Temps estimat de lectura":"6 minuts"},"schema":{"@context":"https:\/\/schema.org","@graph":[{"@type":"WebPage","@id":"https:\/\/alphaespai.com\/ca\/politica-de-cookies\/","url":"https:\/\/alphaespai.com\/ca\/politica-de-cookies\/","name":"Pol\u00edtica de cookies - Alpha Espai Coworking","isPartOf":{"@id":"https:\/\/alphaespai.com\/ca\/#website"},"datePublished":"2021-04-22T09:18:56+00:00","dateModified":"2021-04-23T09:07:24+00:00","inLanguage":"ca","potentialAction":[{"@type":"ReadAction","target":["https:\/\/alphaespai.com\/ca\/politica-de-cookies\/"]}]},{"@type":"WebSite","@id":"https:\/\/alphaespai.com\/ca\/#website","url":"https:\/\/alphaespai.com\/ca\/","name":"Alpha Espai Coworking","description":"Espai de Coworking a Barcelona","potentialAction":[{"@type":"SearchAction","target":{"@type":"EntryPoint","urlTemplate":"https:\/\/alphaespai.com\/ca\/?s={search_term_string}"},"query-input":{"@type":"PropertyValueSpecification","valueRequired":true,"valueName":"search_term_string"}}],"inLanguage":"ca"}]}},"_links":{"self":[{"href":"https:\/\/alphaespai.com\/ca\/wp-json\/wp\/v2\/pages\/10388","targetHints":{"allow":["GET"]}}],"collection":[{"href":"https:\/\/alphaespai.com\/ca\/wp-json\/wp\/v2\/pages"}],"about":[{"href":"https:\/\/alphaespai.com\/ca\/wp-json\/wp\/v2\/types\/page"}],"author":[{"embeddable":true,"href":"https:\/\/alphaespai.com\/ca\/wp-json\/wp\/v2\/users\/34"}],"replies":[{"embeddable":true,"href":"https:\/\/alphaespai.com\/ca\/wp-json\/wp\/v2\/comments?post=10388"}],"version-history":[{"count":0,"href":"https:\/\/alphaespai.com\/ca\/wp-json\/wp\/v2\/pages\/10388\/revisions"}],"wp:attachment":[{"href":"https:\/\/alphaespai.com\/ca\/wp-json\/wp\/v2\/media?parent=10388"}],"curies":[{"name":"wp","href":"https:\/\/api.w.org\/{rel}","templated":true}]}}