{"id":3376,"date":"2014-11-21T12:29:11","date_gmt":"2014-11-21T11:29:11","guid":{"rendered":"http:\/\/coworking.freesite.host\/contacto-2\/"},"modified":"2021-11-03T11:48:37","modified_gmt":"2021-11-03T10:48:37","slug":"contacte","status":"publish","type":"page","link":"https:\/\/alphaespai.com\/ca\/contacte\/","title":{"rendered":"Contacte"},"content":{"rendered":"\t\t<div data-elementor-type=\"wp-post\" data-elementor-id=\"3376\" class=\"elementor elementor-3376 elementor-256\" data-elementor-post-type=\"page\">\n\t\t\t\t\t\t<section class=\"elementor-section elementor-top-section elementor-element elementor-element-cb9add6 elementor-section-boxed elementor-section-height-default elementor-section-height-default\" data-id=\"cb9add6\" data-element_type=\"section\" data-e-type=\"section\">\n\t\t\t\t\t\t<div class=\"elementor-container elementor-column-gap-default\">\n\t\t\t\t\t<div class=\"elementor-column elementor-col-100 elementor-top-column elementor-element elementor-element-02d1eba\" data-id=\"02d1eba\" data-element_type=\"column\" data-e-type=\"column\">\n\t\t\t<div class=\"elementor-widget-wrap elementor-element-populated\">\n\t\t\t\t\t\t<div class=\"elementor-element elementor-element-66e7579 elementor-widget elementor-widget-heading\" data-id=\"66e7579\" data-element_type=\"widget\" data-e-type=\"widget\" data-widget_type=\"heading.default\">\n\t\t\t\t<div class=\"elementor-widget-container\">\n\t\t\t\t\t<h1 class=\"elementor-heading-title elementor-size-xxl\">Contacte<\/h1>\t\t\t\t<\/div>\n\t\t\t\t<\/div>\n\t\t\t\t\t<\/div>\n\t\t<\/div>\n\t\t\t\t\t<\/div>\n\t\t<\/section>\n\t\t\t\t<section class=\"elementor-section elementor-top-section elementor-element elementor-element-de93bdf elementor-section-boxed elementor-section-height-default elementor-section-height-default\" data-id=\"de93bdf\" data-element_type=\"section\" data-e-type=\"section\">\n\t\t\t\t\t\t<div class=\"elementor-container elementor-column-gap-default\">\n\t\t\t\t\t<div class=\"elementor-column elementor-col-50 elementor-top-column elementor-element elementor-element-6090f17c\" data-id=\"6090f17c\" data-element_type=\"column\" data-e-type=\"column\">\n\t\t\t<div class=\"elementor-widget-wrap elementor-element-populated\">\n\t\t\t\t\t\t<div class=\"elementor-element elementor-element-2e0434ad elementor-button-align-stretch elementor-widget elementor-widget-form\" data-id=\"2e0434ad\" data-element_type=\"widget\" data-e-type=\"widget\" id=\"form_cont_gen\" data-settings=\"{&quot;step_next_label&quot;:&quot;Seg\\u00fcent&quot;,&quot;step_previous_label&quot;:&quot;Anterior&quot;,&quot;step_type&quot;:&quot;none&quot;,&quot;step_icon_shape&quot;:&quot;none&quot;,&quot;button_width&quot;:&quot;100&quot;}\" data-widget_type=\"form.default\">\n\t\t\t\t<div class=\"elementor-widget-container\">\n\t\t\t\t\t\t\t<form class=\"elementor-form\" method=\"post\" name=\"New Form\" aria-label=\"New Form\">\n\t\t\t<input type=\"hidden\" name=\"post_id\" value=\"3376\"\/>\n\t\t\t<input type=\"hidden\" name=\"form_id\" value=\"2e0434ad\"\/>\n\t\t\t<input type=\"hidden\" name=\"referer_title\" value=\"Contacte - Alpha Espai Coworking\" \/>\n\n\t\t\t\t\t\t\t<input type=\"hidden\" name=\"queried_id\" value=\"3376\"\/>\n\t\t\t\n\t\t\t<div class=\"elementor-form-fields-wrapper elementor-labels-above\">\n\t\t\t\t\t\t\t\t<div class=\"elementor-field-type-text elementor-field-group elementor-column elementor-field-group-name elementor-col-100 elementor-field-required elementor-mark-required\">\n\t\t\t\t\t\t\t\t\t\t\t\t<label for=\"form-field-name\" class=\"elementor-field-label\">\n\t\t\t\t\t\t\t\tNom\t\t\t\t\t\t\t<\/label>\n\t\t\t\t\t\t\t\t\t\t\t\t\t\t<input size=\"1\" type=\"text\" name=\"form_fields[name]\" id=\"form-field-name\" class=\"elementor-field elementor-size-sm  elementor-field-textual\" placeholder=\"Nom\" required=\"required\">\n\t\t\t\t\t\t\t\t\t\t\t<\/div>\n\t\t\t\t\t\t\t\t<div class=\"elementor-field-type-text elementor-field-group elementor-column elementor-field-group-empresa elementor-col-100 elementor-field-required elementor-mark-required\">\n\t\t\t\t\t\t\t\t\t\t\t\t<label for=\"form-field-empresa\" class=\"elementor-field-label\">\n\t\t\t\t\t\t\t\tEmpresa\/entitat\t\t\t\t\t\t\t<\/label>\n\t\t\t\t\t\t\t\t\t\t\t\t\t\t<input size=\"1\" type=\"text\" name=\"form_fields[empresa]\" id=\"form-field-empresa\" class=\"elementor-field elementor-size-sm  elementor-field-textual\" placeholder=\"Empresa\/entitat\" required=\"required\">\n\t\t\t\t\t\t\t\t\t\t\t<\/div>\n\t\t\t\t\t\t\t\t<div class=\"elementor-field-type-tel elementor-field-group elementor-column elementor-field-group-tel elementor-col-100\">\n\t\t\t\t\t\t\t\t\t\t\t\t<label for=\"form-field-tel\" class=\"elementor-field-label\">\n\t\t\t\t\t\t\t\tTel\u00e8fon\t\t\t\t\t\t\t<\/label>\n\t\t\t\t\t\t\t\t<input size=\"1\" type=\"tel\" name=\"form_fields[tel]\" id=\"form-field-tel\" class=\"elementor-field elementor-size-sm  elementor-field-textual\" placeholder=\"Tel\u00e8fon\" pattern=\"[0-9()#&amp;+*-=.]+\" title=\"Only numbers and phone characters (#, -, *, etc) are accepted.\">\n\n\t\t\t\t\t\t<\/div>\n\t\t\t\t\t\t\t\t<div class=\"elementor-field-type-email elementor-field-group elementor-column elementor-field-group-mail_uno elementor-col-100 elementor-field-required elementor-mark-required\">\n\t\t\t\t\t\t\t\t\t\t\t\t<label for=\"form-field-mail_uno\" class=\"elementor-field-label\">\n\t\t\t\t\t\t\t\tEmail\t\t\t\t\t\t\t<\/label>\n\t\t\t\t\t\t\t\t\t\t\t\t\t\t<input size=\"1\" type=\"email\" name=\"form_fields[mail_uno]\" id=\"form-field-mail_uno\" class=\"elementor-field elementor-size-sm  elementor-field-textual\" placeholder=\"Email\" required=\"required\">\n\t\t\t\t\t\t\t\t\t\t\t<\/div>\n\t\t\t\t\t\t\t\t<div class=\"elementor-field-type-email elementor-field-group elementor-column elementor-field-group-mail_dos elementor-col-100 elementor-field-required elementor-mark-required\">\n\t\t\t\t\t\t\t\t\t\t\t\t<label for=\"form-field-mail_dos\" class=\"elementor-field-label\">\n\t\t\t\t\t\t\t\tRepetir email\t\t\t\t\t\t\t<\/label>\n\t\t\t\t\t\t\t\t\t\t\t\t\t\t<input size=\"1\" type=\"email\" name=\"form_fields[mail_dos]\" id=\"form-field-mail_dos\" class=\"elementor-field elementor-size-sm  elementor-field-textual\" placeholder=\"Repetir email\" required=\"required\">\n\t\t\t\t\t\t\t\t\t\t\t<\/div>\n\t\t\t\t\t\t\t\t<div class=\"elementor-field-type-text elementor-field-group elementor-column elementor-field-group-asunto elementor-col-100 elementor-field-required elementor-mark-required\">\n\t\t\t\t\t\t\t\t\t\t\t\t<label for=\"form-field-asunto\" class=\"elementor-field-label\">\n\t\t\t\t\t\t\t\tAssumpte\t\t\t\t\t\t\t<\/label>\n\t\t\t\t\t\t\t\t\t\t\t\t\t\t<input size=\"1\" type=\"text\" name=\"form_fields[asunto]\" id=\"form-field-asunto\" class=\"elementor-field elementor-size-sm  elementor-field-textual\" placeholder=\"Assumpte\" required=\"required\">\n\t\t\t\t\t\t\t\t\t\t\t<\/div>\n\t\t\t\t\t\t\t\t<div class=\"elementor-field-type-textarea elementor-field-group elementor-column elementor-field-group-missatge elementor-col-100 elementor-field-required elementor-mark-required\">\n\t\t\t\t\t\t\t\t\t\t\t\t<label for=\"form-field-missatge\" class=\"elementor-field-label\">\n\t\t\t\t\t\t\t\tMissatge\t\t\t\t\t\t\t<\/label>\n\t\t\t\t\t\t<textarea class=\"elementor-field-textual elementor-field  elementor-size-sm\" name=\"form_fields[missatge]\" id=\"form-field-missatge\" rows=\"4\" placeholder=\"Missatge\" required=\"required\"><\/textarea>\t\t\t\t<\/div>\n\t\t\t\t\t\t\t\t<div class=\"elementor-field-type-acceptance elementor-field-group elementor-column elementor-field-group-privacidad elementor-col-100 elementor-field-required elementor-mark-required\">\n\t\t\t\t\t\t\t<div class=\"elementor-field-subgroup\">\n\t\t\t<span class=\"elementor-field-option\">\n\t\t\t\t<input type=\"checkbox\" name=\"form_fields[privacidad]\" id=\"form-field-privacidad\" class=\"elementor-field elementor-size-sm  elementor-acceptance-field\" required=\"required\">\n\t\t\t\t<label for=\"form-field-privacidad\"><a href=\"ca\/politica-de-privacitat\/\/\">Llegeixo i accepto <\/a>la pol\u00edtica de protecci\u00f3 de dades<\/label>\t\t\t<\/span>\n\t\t<\/div>\n\t\t\t\t\t\t<\/div>\n\t\t\t\t\t\t\t\t<div class=\"elementor-field-type-recaptcha_v3 elementor-field-group elementor-column elementor-field-group-field_1 elementor-col-100 recaptcha_v3-bottomright\">\n\t\t\t\t\t<div class=\"elementor-field\" id=\"form-field-field_1\"><div class=\"elementor-g-recaptcha\" data-sitekey=\"6LdX2r0aAAAAAFqnJ0B-Dp6Rsf37hEfY7t8qLaia\" data-type=\"v3\" data-action=\"Form\" data-badge=\"bottomright\" data-size=\"invisible\"><\/div><\/div>\t\t\t\t<\/div>\n\t\t\t\t\t\t\t\t<div class=\"elementor-field-group elementor-column elementor-field-type-submit elementor-col-100 e-form__buttons\">\n\t\t\t\t\t<button class=\"elementor-button elementor-size-sm\" type=\"submit\" id=\"mf_botton_contacte\">\n\t\t\t\t\t\t<span class=\"elementor-button-content-wrapper\">\n\t\t\t\t\t\t\t\t\t\t\t\t\t\t\t<span class=\"elementor-button-icon\">\n\t\t\t\t\t\t\t\t\t<i class=\"fa fa-send\" aria-hidden=\"true\"><\/i>\t\t\t\t\t\t\t\t\t\t\t\t\t\t\t\t\t<\/span>\n\t\t\t\t\t\t\t\t\t\t\t\t\t\t\t\t\t\t\t\t\t\t<span class=\"elementor-button-text\">Enviar<\/span>\n\t\t\t\t\t\t\t\t\t\t\t\t\t<\/span>\n\t\t\t\t\t<\/button>\n\t\t\t\t<\/div>\n\t\t\t<\/div>\n\t\t<\/form>\n\t\t\t\t\t\t<\/div>\n\t\t\t\t<\/div>\n\t\t\t\t\t<\/div>\n\t\t<\/div>\n\t\t\t\t<div class=\"elementor-column elementor-col-50 elementor-top-column elementor-element elementor-element-32f9321f\" data-id=\"32f9321f\" data-element_type=\"column\" data-e-type=\"column\">\n\t\t\t<div class=\"elementor-widget-wrap elementor-element-populated\">\n\t\t\t\t\t\t<div class=\"elementor-element elementor-element-30569f4b elementor-widget elementor-widget-text-editor\" data-id=\"30569f4b\" data-element_type=\"widget\" data-e-type=\"widget\" data-widget_type=\"text-editor.default\">\n\t\t\t\t<div class=\"elementor-widget-container\">\n\t\t\t\t\t\t\t\t\t<p>Li informem que les dades que ens remeti a trav\u00e9s d\u2019aquest formulari electr\u00f2nic quedaran incorporades en els sistemes d\u2019informaci\u00f3 de ALPHA COWORK, S.L..<\/p>\n<p>Aquesta comunicaci\u00f3 s\u2019utilitzar\u00e0 exclusivament per atendre la seva petici\u00f3. Mitjan\u00e7ant la indicaci\u00f3 de les seves dades, i de conformitat amb l\u2019establert en l\u2019article 4.11 del Reglament (UE) 2016\/679 de 27 d\u2019abril del 2016, vost\u00e8 atorga el seu consentiment inequ\u00edvoc a ALPHA COWORK, S.L. perqu\u00e8 procedeixi, en compliment de les finalitats esmentades anteriorment, al tractament de les dades personals facilitades.<\/p>\n<p>No obstant aix\u00f2, en qualsevol moment vost\u00e8 podr\u00e0 exercitar els drets d\u2019acc\u00e9s, rectificaci\u00f3, supressi\u00f3, limitaci\u00f3, portabilitat i oposici\u00f3, a trav\u00e9s de l\u2019adre\u00e7a: ALPHA COWORK, S.L.\u00a0 C\/PERE IV, 214, 08005, BARCELONA o de l\u2019email: jordi@alphaespai.com<\/p>\n\t\t\t\t\t\t\t\t<\/div>\n\t\t\t\t<\/div>\n\t\t\t\t<div class=\"elementor-element elementor-element-70366f1b elementor-widget elementor-widget-html\" data-id=\"70366f1b\" data-element_type=\"widget\" data-e-type=\"widget\" data-widget_type=\"html.default\">\n\t\t\t\t<div class=\"elementor-widget-container\">\n\t\t\t\t\t<script>\r\n  $(document).ready(function () {\r\n    if ($.get('t') != '') {\r\n      var peticio = $.get('t');\r\n\r\n      var lan = $.cookie('wp-wpml_current_language');\r\n      if (lan == 'es') {\r\n        var arrass = 'interes_es';\r\n        interes_es.forEach(function (index, element) {\r\n          if (index.clau === peticio) {\r\n            $('#form-field-asunto').val('Contacto sobre: ' + index.valor)\r\n            \/\/$('#titulo_contacto').after('<p><strong> Petici\u00f3n sobre '+index.valor+'<\/strong><\/p>');\r\n          }\r\n        })\r\n      } else if (lan == 'ca') {\r\n        interes_ca.forEach(function (index, element) {\r\n          if (index.clau === peticio) {\r\n            $('#form-field-asunto').val('Contacto sobre: ' + index.valor)\r\n            \/\/$('#titulo_contacto').after('<p><strong> Petici\u00f3n sobre '+index.valor+'<\/strong><\/p>');\r\n          }\r\n        })\r\n\r\n      }\r\n    }\r\n  })\r\n<\/script>\t\t\t\t<\/div>\n\t\t\t\t<\/div>\n\t\t\t\t\t<\/div>\n\t\t<\/div>\n\t\t\t\t\t<\/div>\n\t\t<\/section>\n\t\t\t\t<section class=\"elementor-section elementor-top-section elementor-element elementor-element-63a7f64c elementor-section-boxed elementor-section-height-default elementor-section-height-default\" data-id=\"63a7f64c\" data-element_type=\"section\" data-e-type=\"section\">\n\t\t\t\t\t\t<div class=\"elementor-container elementor-column-gap-default\">\n\t\t\t\t\t<div class=\"elementor-column elementor-col-100 elementor-top-column elementor-element elementor-element-28bfb4aa\" data-id=\"28bfb4aa\" data-element_type=\"column\" data-e-type=\"column\">\n\t\t\t<div class=\"elementor-widget-wrap elementor-element-populated\">\n\t\t\t\t\t\t<div class=\"elementor-element elementor-element-16a3e16c elementor-widget elementor-widget-text-editor\" data-id=\"16a3e16c\" data-element_type=\"widget\" data-e-type=\"widget\" data-widget_type=\"text-editor.default\">\n\t\t\t\t<div class=\"elementor-widget-container\">\n\t\t\t\t\t\t\t\t\t<h3>Adre\u00e7a:<\/h3>\n<p>Carrer Pere IV, 214<br \/>\nEntres\u00f2l ( entrada per Passatge Bosch i Labr\u00fas)<br \/>\nPoblenou \u2013 08005 \u2013 Barcelona<br \/>\nEmail: <a href=\"mailto:info@alphaespai.com\">info@alphaespai.com<br \/>\n<\/a>Tel. 605 964 337<\/p>\n\t\t\t\t\t\t\t\t<\/div>\n\t\t\t\t<\/div>\n\t\t\t\t\t<\/div>\n\t\t<\/div>\n\t\t\t\t\t<\/div>\n\t\t<\/section>\n\t\t\t\t<section class=\"elementor-section elementor-top-section elementor-element elementor-element-370f9347 elementor-section-height-min-height elementor-section-boxed elementor-section-height-default elementor-section-items-middle\" data-id=\"370f9347\" data-element_type=\"section\" data-e-type=\"section\">\n\t\t\t\t\t\t<div class=\"elementor-container elementor-column-gap-default\">\n\t\t\t\t\t<div class=\"elementor-column elementor-col-100 elementor-top-column elementor-element elementor-element-32e99e82\" data-id=\"32e99e82\" data-element_type=\"column\" data-e-type=\"column\">\n\t\t\t<div class=\"elementor-widget-wrap elementor-element-populated\">\n\t\t\t\t\t\t<div class=\"elementor-element elementor-element-9b96c07 elementor-widget elementor-widget-google_maps\" data-id=\"9b96c07\" data-element_type=\"widget\" data-e-type=\"widget\" data-widget_type=\"google_maps.default\">\n\t\t\t\t<div class=\"elementor-widget-container\">\n\t\t\t\t\t\t\t<div class=\"elementor-custom-embed\">\n\t\t\t<iframe loading=\"lazy\"\n\t\t\t\t\tsrc=\"https:\/\/maps.google.com\/maps?q=Alpha%20Espai%20&#038;t=m&#038;z=3&#038;output=embed&#038;iwloc=near\"\n\t\t\t\t\ttitle=\"Alpha Espai \"\n\t\t\t\t\taria-label=\"Alpha Espai \"\n\t\t\t><\/iframe>\n\t\t<\/div>\n\t\t\t\t\t\t<\/div>\n\t\t\t\t<\/div>\n\t\t\t\t\t<\/div>\n\t\t<\/div>\n\t\t\t\t\t<\/div>\n\t\t<\/section>\n\t\t\t\t<section class=\"elementor-section elementor-top-section elementor-element elementor-element-53bf5f97 elementor-section-boxed elementor-section-height-default elementor-section-height-default\" data-id=\"53bf5f97\" data-element_type=\"section\" data-e-type=\"section\">\n\t\t\t\t\t\t<div class=\"elementor-container elementor-column-gap-default\">\n\t\t\t\t\t<div class=\"elementor-column elementor-col-100 elementor-top-column elementor-element elementor-element-516f38bf\" data-id=\"516f38bf\" data-element_type=\"column\" data-e-type=\"column\">\n\t\t\t<div class=\"elementor-widget-wrap elementor-element-populated\">\n\t\t\t\t\t\t<div class=\"elementor-element elementor-element-70f16440 elementor-widget elementor-widget-spacer\" data-id=\"70f16440\" data-element_type=\"widget\" data-e-type=\"widget\" data-widget_type=\"spacer.default\">\n\t\t\t\t<div class=\"elementor-widget-container\">\n\t\t\t\t\t\t\t<div class=\"elementor-spacer\">\n\t\t\t<div class=\"elementor-spacer-inner\"><\/div>\n\t\t<\/div>\n\t\t\t\t\t\t<\/div>\n\t\t\t\t<\/div>\n\t\t\t\t\t<\/div>\n\t\t<\/div>\n\t\t\t\t\t<\/div>\n\t\t<\/section>\n\t\t\t\t<\/div>\n\t\t","protected":false},"excerpt":{"rendered":"<p>Contacte Li informem que les dades que ens remeti a trav\u00e9s d\u2019aquest formulari electr\u00f2nic quedaran incorporades en els sistemes d\u2019informaci\u00f3 de ALPHA COWORK, S.L.. Aquesta comunicaci\u00f3 s\u2019utilitzar\u00e0 exclusivament per atendre la seva petici\u00f3. Mitjan\u00e7ant la indicaci\u00f3 de les seves dades, i de conformitat amb l\u2019establert en l\u2019article 4.11 del Reglament (UE) 2016\/679 de 27 d\u2019abril [&hellip;]<\/p>\n","protected":false},"author":2,"featured_media":0,"parent":0,"menu_order":0,"comment_status":"closed","ping_status":"closed","template":"","meta":{"footnotes":""},"class_list":["post-3376","page","type-page","status-publish","hentry"],"yoast_head":"<!-- This site is optimized with the Yoast SEO plugin v27.5 - https:\/\/yoast.com\/product\/yoast-seo-wordpress\/ -->\n<title>Contacte - Alpha Espai Coworking<\/title>\n<meta name=\"robots\" content=\"index, follow, max-snippet:-1, max-image-preview:large, max-video-preview:-1\" \/>\n<link rel=\"canonical\" href=\"https:\/\/alphaespai.com\/ca\/contacte\/\" \/>\n<meta property=\"og:locale\" content=\"ca_ES\" \/>\n<meta property=\"og:type\" content=\"article\" \/>\n<meta property=\"og:title\" content=\"Contacte - Alpha Espai Coworking\" \/>\n<meta property=\"og:description\" content=\"Contacte Li informem que les dades que ens remeti a trav\u00e9s d\u2019aquest formulari electr\u00f2nic quedaran incorporades en els sistemes d\u2019informaci\u00f3 de ALPHA COWORK, S.L.. Aquesta comunicaci\u00f3 s\u2019utilitzar\u00e0 exclusivament per atendre la seva petici\u00f3. Mitjan\u00e7ant la indicaci\u00f3 de les seves dades, i de conformitat amb l\u2019establert en l\u2019article 4.11 del Reglament (UE) 2016\/679 de 27 d\u2019abril [&hellip;]\" \/>\n<meta property=\"og:url\" content=\"https:\/\/alphaespai.com\/ca\/contacte\/\" \/>\n<meta property=\"og:site_name\" content=\"Alpha Espai Coworking\" \/>\n<meta property=\"article:modified_time\" content=\"2021-11-03T10:48:37+00:00\" \/>\n<meta name=\"twitter:label1\" content=\"Temps estimat de lectura\" \/>\n\t<meta name=\"twitter:data1\" content=\"1 minut\" \/>\n<script type=\"application\/ld+json\" class=\"yoast-schema-graph\">{\"@context\":\"https:\\\/\\\/schema.org\",\"@graph\":[{\"@type\":\"WebPage\",\"@id\":\"https:\\\/\\\/alphaespai.com\\\/ca\\\/contacte\\\/\",\"url\":\"https:\\\/\\\/alphaespai.com\\\/ca\\\/contacte\\\/\",\"name\":\"Contacte - Alpha Espai Coworking\",\"isPartOf\":{\"@id\":\"https:\\\/\\\/alphaespai.com\\\/ca\\\/#website\"},\"datePublished\":\"2014-11-21T11:29:11+00:00\",\"dateModified\":\"2021-11-03T10:48:37+00:00\",\"inLanguage\":\"ca\",\"potentialAction\":[{\"@type\":\"ReadAction\",\"target\":[\"https:\\\/\\\/alphaespai.com\\\/ca\\\/contacte\\\/\"]}]},{\"@type\":\"WebSite\",\"@id\":\"https:\\\/\\\/alphaespai.com\\\/ca\\\/#website\",\"url\":\"https:\\\/\\\/alphaespai.com\\\/ca\\\/\",\"name\":\"Alpha Espai Coworking\",\"description\":\"Espai de Coworking a Barcelona\",\"potentialAction\":[{\"@type\":\"SearchAction\",\"target\":{\"@type\":\"EntryPoint\",\"urlTemplate\":\"https:\\\/\\\/alphaespai.com\\\/ca\\\/?s={search_term_string}\"},\"query-input\":{\"@type\":\"PropertyValueSpecification\",\"valueRequired\":true,\"valueName\":\"search_term_string\"}}],\"inLanguage\":\"ca\"}]}<\/script>\n<!-- \/ Yoast SEO plugin. -->","yoast_head_json":{"title":"Contacte - Alpha Espai Coworking","robots":{"index":"index","follow":"follow","max-snippet":"max-snippet:-1","max-image-preview":"max-image-preview:large","max-video-preview":"max-video-preview:-1"},"canonical":"https:\/\/alphaespai.com\/ca\/contacte\/","og_locale":"ca_ES","og_type":"article","og_title":"Contacte - Alpha Espai Coworking","og_description":"Contacte Li informem que les dades que ens remeti a trav\u00e9s d\u2019aquest formulari electr\u00f2nic quedaran incorporades en els sistemes d\u2019informaci\u00f3 de ALPHA COWORK, S.L.. Aquesta comunicaci\u00f3 s\u2019utilitzar\u00e0 exclusivament per atendre la seva petici\u00f3. Mitjan\u00e7ant la indicaci\u00f3 de les seves dades, i de conformitat amb l\u2019establert en l\u2019article 4.11 del Reglament (UE) 2016\/679 de 27 d\u2019abril [&hellip;]","og_url":"https:\/\/alphaespai.com\/ca\/contacte\/","og_site_name":"Alpha Espai Coworking","article_modified_time":"2021-11-03T10:48:37+00:00","twitter_misc":{"Temps estimat de lectura":"1 minut"},"schema":{"@context":"https:\/\/schema.org","@graph":[{"@type":"WebPage","@id":"https:\/\/alphaespai.com\/ca\/contacte\/","url":"https:\/\/alphaespai.com\/ca\/contacte\/","name":"Contacte - Alpha Espai Coworking","isPartOf":{"@id":"https:\/\/alphaespai.com\/ca\/#website"},"datePublished":"2014-11-21T11:29:11+00:00","dateModified":"2021-11-03T10:48:37+00:00","inLanguage":"ca","potentialAction":[{"@type":"ReadAction","target":["https:\/\/alphaespai.com\/ca\/contacte\/"]}]},{"@type":"WebSite","@id":"https:\/\/alphaespai.com\/ca\/#website","url":"https:\/\/alphaespai.com\/ca\/","name":"Alpha Espai Coworking","description":"Espai de Coworking a Barcelona","potentialAction":[{"@type":"SearchAction","target":{"@type":"EntryPoint","urlTemplate":"https:\/\/alphaespai.com\/ca\/?s={search_term_string}"},"query-input":{"@type":"PropertyValueSpecification","valueRequired":true,"valueName":"search_term_string"}}],"inLanguage":"ca"}]}},"_links":{"self":[{"href":"https:\/\/alphaespai.com\/ca\/wp-json\/wp\/v2\/pages\/3376","targetHints":{"allow":["GET"]}}],"collection":[{"href":"https:\/\/alphaespai.com\/ca\/wp-json\/wp\/v2\/pages"}],"about":[{"href":"https:\/\/alphaespai.com\/ca\/wp-json\/wp\/v2\/types\/page"}],"author":[{"embeddable":true,"href":"https:\/\/alphaespai.com\/ca\/wp-json\/wp\/v2\/users\/2"}],"replies":[{"embeddable":true,"href":"https:\/\/alphaespai.com\/ca\/wp-json\/wp\/v2\/comments?post=3376"}],"version-history":[{"count":11,"href":"https:\/\/alphaespai.com\/ca\/wp-json\/wp\/v2\/pages\/3376\/revisions"}],"predecessor-version":[{"id":10821,"href":"https:\/\/alphaespai.com\/ca\/wp-json\/wp\/v2\/pages\/3376\/revisions\/10821"}],"wp:attachment":[{"href":"https:\/\/alphaespai.com\/ca\/wp-json\/wp\/v2\/media?parent=3376"}],"curies":[{"name":"wp","href":"https:\/\/api.w.org\/{rel}","templated":true}]}}